
{"id":35958,"date":"2022-07-20T11:48:42","date_gmt":"2022-07-20T08:48:42","guid":{"rendered":"https:\/\/www.tiigikalad.ee\/id\/aquatic-plant-basket\/"},"modified":"2022-07-20T11:48:42","modified_gmt":"2022-07-20T08:48:42","slug":"aquatic-plant-basket","status":"publish","type":"product","link":"http:\/\/www.tiigikalad.ee\/en\/e-shop\/pond-technique\/accessories\/aquatic-plant-basket\/","title":{"rendered":"Aquatic plant basket"},"content":{"rendered":"<p>A<a href=\"https:\/\/www.tiigikalad.ee\/e-pood\/veetaimed\/\" target=\"_blank\" rel=\"noopener\">\u00a0basket<\/a> for aquatic plants makes planting and replanting significantly easier. The basket is placed in the water along with the plants inside it. If the pond is shallower than 70 cm, the plants can be moved to a cellar for wintering along with the basket.<\/p>\n<p>Additionally, the planting basket protects the plant&#8217;s soil from being washed away.<\/p>\n<p>The baskets are made of durable plastic. The planting pots have special holes that do not hinder root growth and allow aquatic plants to spread freely<a href=\"https:\/\/www.facebook.com\/tiigikalad\" target=\"_blank\" rel=\"noopener\">.<\/a><\/p>\n<p><strong>Basket dimensions:<\/strong><\/p>\n<ul>\n<li>Round basket: 20 cm (diameter), 13 cm (height)<\/li>\n<li>Round basket: 40 cm (diameter), 27 cm (height)<\/li>\n<li>Square basket: 11 cm \u00d7 11 cm \u00d7 9 cm (length \u00d7 width \u00d7 height)<\/li>\n<li>Square basket: 17 cm \u00d7 17 cm \u00d7 9 cm (length \u00d7 width \u00d7 height)<\/li>\n<li>Square basket: 21 cm \u00d7 21 cm \u00d7 13 cm (length \u00d7 width \u00d7 height)<\/li>\n<li>Oval basket: 40 cm \u00d7 18 cm \u00d7 13 cm (length \u00d7 width \u00d7 height)<\/li>\n<\/ul>\n","protected":false},"excerpt":{"rendered":"<p>Aquatic plant basket ensures better root anchorage and allows free movement of nutrients in the water. It also helps prevent the uncontrolled spread of invasive plants.<\/p>\n<p>Delivery time: 3\u201313 working days<\/p>\n","protected":false},"featured_media":32057,"template":"","meta":[],"product_brand":[],"product_cat":[434,1446,1491],"product_tag":[1492,1448],"class_list":{"0":"post-35958","1":"product","2":"type-product","3":"status-publish","4":"has-post-thumbnail","6":"product_cat-accessories","7":"product_cat-nymphaea","8":"product_cat-shoreline-plants","9":"product_tag-aquatic-plant-basket","10":"product_tag-water-plant","11":"product_shipping_class-m-en","13":"first","14":"instock","15":"taxable","16":"shipping-taxable","17":"purchasable","18":"product-type-variable"},"bundled_by":[],"bundle_stock_status":"instock","bundle_stock_quantity":null,"bundle_virtual":false,"bundle_layout":"","bundle_add_to_cart_form_location":"","bundle_editable_in_cart":false,"bundle_sold_individually_context":"","bundle_item_grouping":"","bundle_min_size":"","bundle_max_size":"","bundle_price":[],"bundled_items":[],"bundle_sell_ids":[],"yoast_head":"<!-- This site is optimized with the Yoast SEO plugin v27.3 - https:\/\/yoast.com\/product\/yoast-seo-wordpress\/ -->\n<title>Aquatic plant basket - Tiigikalad.ee<\/title>\n<meta name=\"description\" content=\"Aquatic plant basket ensures better root anchorage and allows free movement of nutrients in the water. It also helps prevent the uncontrolled spread of invasive plants.\" \/>\n<meta name=\"robots\" content=\"index, follow, max-snippet:-1, max-image-preview:large, max-video-preview:-1\" \/>\n<link rel=\"canonical\" href=\"http:\/\/www.tiigikalad.ee\/en\/e-shop\/pond-technique\/accessories\/aquatic-plant-basket\/\" \/>\n<meta property=\"og:locale\" content=\"en_US\" \/>\n<meta property=\"og:type\" content=\"article\" \/>\n<meta property=\"og:title\" content=\"Aquatic plant basket - Tiigikalad.ee\" \/>\n<meta property=\"og:description\" content=\"Aquatic plant basket ensures better root anchorage and allows free movement of nutrients in the water. It also helps prevent the uncontrolled spread of invasive plants.\" \/>\n<meta property=\"og:url\" content=\"http:\/\/www.tiigikalad.ee\/en\/e-shop\/pond-technique\/accessories\/aquatic-plant-basket\/\" \/>\n<meta property=\"og:site_name\" content=\"Tiigikalad.ee\" \/>\n<meta property=\"article:publisher\" content=\"https:\/\/www.facebook.com\/tiigikalad\" \/>\n<meta property=\"og:image\" content=\"https:\/\/www.tiigikalad.ee\/wp-content\/uploads\/istutamiskorvid.jpg\" \/>\n\t<meta property=\"og:image:width\" content=\"1200\" \/>\n\t<meta property=\"og:image:height\" content=\"675\" \/>\n\t<meta property=\"og:image:type\" content=\"image\/jpeg\" \/>\n<meta name=\"twitter:label1\" content=\"Est. reading time\" \/>\n\t<meta name=\"twitter:data1\" content=\"1 minute\" \/>\n<script type=\"application\/ld+json\" class=\"yoast-schema-graph\">{\"@context\":\"https:\\\/\\\/schema.org\",\"@graph\":[{\"@type\":\"WebPage\",\"@id\":\"http:\\\/\\\/www.tiigikalad.ee\\\/en\\\/e-shop\\\/pond-technique\\\/accessories\\\/aquatic-plant-basket\\\/\",\"url\":\"http:\\\/\\\/www.tiigikalad.ee\\\/en\\\/e-shop\\\/pond-technique\\\/accessories\\\/aquatic-plant-basket\\\/\",\"name\":\"Aquatic plant basket - Tiigikalad.ee\",\"isPartOf\":{\"@id\":\"https:\\\/\\\/www.tiigikalad.ee\\\/en\\\/#website\"},\"primaryImageOfPage\":{\"@id\":\"http:\\\/\\\/www.tiigikalad.ee\\\/en\\\/e-shop\\\/pond-technique\\\/accessories\\\/aquatic-plant-basket\\\/#primaryimage\"},\"image\":{\"@id\":\"http:\\\/\\\/www.tiigikalad.ee\\\/en\\\/e-shop\\\/pond-technique\\\/accessories\\\/aquatic-plant-basket\\\/#primaryimage\"},\"thumbnailUrl\":\"https:\\\/\\\/www.tiigikalad.ee\\\/wp-content\\\/uploads\\\/istutamiskorvid.jpg\",\"datePublished\":\"2022-07-20T08:48:42+00:00\",\"description\":\"Aquatic plant basket ensures better root anchorage and allows free movement of nutrients in the water. It also helps prevent the uncontrolled spread of invasive plants.\",\"breadcrumb\":{\"@id\":\"http:\\\/\\\/www.tiigikalad.ee\\\/en\\\/e-shop\\\/pond-technique\\\/accessories\\\/aquatic-plant-basket\\\/#breadcrumb\"},\"inLanguage\":\"en-US\",\"potentialAction\":[{\"@type\":\"ReadAction\",\"target\":[\"http:\\\/\\\/www.tiigikalad.ee\\\/en\\\/e-shop\\\/pond-technique\\\/accessories\\\/aquatic-plant-basket\\\/\"]}]},{\"@type\":\"ImageObject\",\"inLanguage\":\"en-US\",\"@id\":\"http:\\\/\\\/www.tiigikalad.ee\\\/en\\\/e-shop\\\/pond-technique\\\/accessories\\\/aquatic-plant-basket\\\/#primaryimage\",\"url\":\"https:\\\/\\\/www.tiigikalad.ee\\\/wp-content\\\/uploads\\\/istutamiskorvid.jpg\",\"contentUrl\":\"https:\\\/\\\/www.tiigikalad.ee\\\/wp-content\\\/uploads\\\/istutamiskorvid.jpg\",\"width\":1200,\"height\":675,\"caption\":\"Aquatic plant basket\"},{\"@type\":\"BreadcrumbList\",\"@id\":\"http:\\\/\\\/www.tiigikalad.ee\\\/en\\\/e-shop\\\/pond-technique\\\/accessories\\\/aquatic-plant-basket\\\/#breadcrumb\",\"itemListElement\":[{\"@type\":\"ListItem\",\"position\":1,\"name\":\"Home\",\"item\":\"https:\\\/\\\/www.tiigikalad.ee\\\/en\\\/\"},{\"@type\":\"ListItem\",\"position\":2,\"name\":\"Shop\",\"item\":\"http:\\\/\\\/www.tiigikalad.ee\\\/en\\\/eshop\\\/\"},{\"@type\":\"ListItem\",\"position\":3,\"name\":\"Aquatic plant basket\"}]},{\"@type\":\"WebSite\",\"@id\":\"https:\\\/\\\/www.tiigikalad.ee\\\/en\\\/#website\",\"url\":\"https:\\\/\\\/www.tiigikalad.ee\\\/en\\\/\",\"name\":\"Tiigikalad.ee\",\"description\":\"Audova, Muri k\u00fcla, Luunja vald, Tartumaa, 62208\",\"publisher\":{\"@id\":\"https:\\\/\\\/www.tiigikalad.ee\\\/en\\\/#organization\"},\"potentialAction\":[{\"@type\":\"SearchAction\",\"target\":{\"@type\":\"EntryPoint\",\"urlTemplate\":\"https:\\\/\\\/www.tiigikalad.ee\\\/en\\\/?s={search_term_string}\"},\"query-input\":{\"@type\":\"PropertyValueSpecification\",\"valueRequired\":true,\"valueName\":\"search_term_string\"}}],\"inLanguage\":\"en-US\"},{\"@type\":\"Organization\",\"@id\":\"https:\\\/\\\/www.tiigikalad.ee\\\/en\\\/#organization\",\"name\":\"Tiigikalad.ee\",\"url\":\"https:\\\/\\\/www.tiigikalad.ee\\\/en\\\/\",\"logo\":{\"@type\":\"ImageObject\",\"inLanguage\":\"en-US\",\"@id\":\"https:\\\/\\\/www.tiigikalad.ee\\\/en\\\/#\\\/schema\\\/logo\\\/image\\\/\",\"url\":\"http:\\\/\\\/www.tiigikalad.ee\\\/wp-content\\\/uploads\\\/2024\\\/04\\\/cropped-logo.png\",\"contentUrl\":\"http:\\\/\\\/www.tiigikalad.ee\\\/wp-content\\\/uploads\\\/2024\\\/04\\\/cropped-logo.png\",\"width\":512,\"height\":512,\"caption\":\"Tiigikalad.ee\"},\"image\":{\"@id\":\"https:\\\/\\\/www.tiigikalad.ee\\\/en\\\/#\\\/schema\\\/logo\\\/image\\\/\"},\"sameAs\":[\"https:\\\/\\\/www.facebook.com\\\/tiigikalad\"]}]}<\/script>\n<!-- \/ Yoast SEO plugin. -->","yoast_head_json":{"title":"Aquatic plant basket - Tiigikalad.ee","description":"Aquatic plant basket ensures better root anchorage and allows free movement of nutrients in the water. It also helps prevent the uncontrolled spread of invasive plants.","robots":{"index":"index","follow":"follow","max-snippet":"max-snippet:-1","max-image-preview":"max-image-preview:large","max-video-preview":"max-video-preview:-1"},"canonical":"http:\/\/www.tiigikalad.ee\/en\/e-shop\/pond-technique\/accessories\/aquatic-plant-basket\/","og_locale":"en_US","og_type":"article","og_title":"Aquatic plant basket - Tiigikalad.ee","og_description":"Aquatic plant basket ensures better root anchorage and allows free movement of nutrients in the water. It also helps prevent the uncontrolled spread of invasive plants.","og_url":"http:\/\/www.tiigikalad.ee\/en\/e-shop\/pond-technique\/accessories\/aquatic-plant-basket\/","og_site_name":"Tiigikalad.ee","article_publisher":"https:\/\/www.facebook.com\/tiigikalad","og_image":[{"width":1200,"height":675,"url":"https:\/\/www.tiigikalad.ee\/wp-content\/uploads\/istutamiskorvid.jpg","type":"image\/jpeg"}],"twitter_misc":{"Est. reading time":"1 minute"},"schema":{"@context":"https:\/\/schema.org","@graph":[{"@type":"WebPage","@id":"http:\/\/www.tiigikalad.ee\/en\/e-shop\/pond-technique\/accessories\/aquatic-plant-basket\/","url":"http:\/\/www.tiigikalad.ee\/en\/e-shop\/pond-technique\/accessories\/aquatic-plant-basket\/","name":"Aquatic plant basket - Tiigikalad.ee","isPartOf":{"@id":"https:\/\/www.tiigikalad.ee\/en\/#website"},"primaryImageOfPage":{"@id":"http:\/\/www.tiigikalad.ee\/en\/e-shop\/pond-technique\/accessories\/aquatic-plant-basket\/#primaryimage"},"image":{"@id":"http:\/\/www.tiigikalad.ee\/en\/e-shop\/pond-technique\/accessories\/aquatic-plant-basket\/#primaryimage"},"thumbnailUrl":"https:\/\/www.tiigikalad.ee\/wp-content\/uploads\/istutamiskorvid.jpg","datePublished":"2022-07-20T08:48:42+00:00","description":"Aquatic plant basket ensures better root anchorage and allows free movement of nutrients in the water. It also helps prevent the uncontrolled spread of invasive plants.","breadcrumb":{"@id":"http:\/\/www.tiigikalad.ee\/en\/e-shop\/pond-technique\/accessories\/aquatic-plant-basket\/#breadcrumb"},"inLanguage":"en-US","potentialAction":[{"@type":"ReadAction","target":["http:\/\/www.tiigikalad.ee\/en\/e-shop\/pond-technique\/accessories\/aquatic-plant-basket\/"]}]},{"@type":"ImageObject","inLanguage":"en-US","@id":"http:\/\/www.tiigikalad.ee\/en\/e-shop\/pond-technique\/accessories\/aquatic-plant-basket\/#primaryimage","url":"https:\/\/www.tiigikalad.ee\/wp-content\/uploads\/istutamiskorvid.jpg","contentUrl":"https:\/\/www.tiigikalad.ee\/wp-content\/uploads\/istutamiskorvid.jpg","width":1200,"height":675,"caption":"Aquatic plant basket"},{"@type":"BreadcrumbList","@id":"http:\/\/www.tiigikalad.ee\/en\/e-shop\/pond-technique\/accessories\/aquatic-plant-basket\/#breadcrumb","itemListElement":[{"@type":"ListItem","position":1,"name":"Home","item":"https:\/\/www.tiigikalad.ee\/en\/"},{"@type":"ListItem","position":2,"name":"Shop","item":"http:\/\/www.tiigikalad.ee\/en\/eshop\/"},{"@type":"ListItem","position":3,"name":"Aquatic plant basket"}]},{"@type":"WebSite","@id":"https:\/\/www.tiigikalad.ee\/en\/#website","url":"https:\/\/www.tiigikalad.ee\/en\/","name":"Tiigikalad.ee","description":"Audova, Muri k\u00fcla, Luunja vald, Tartumaa, 62208","publisher":{"@id":"https:\/\/www.tiigikalad.ee\/en\/#organization"},"potentialAction":[{"@type":"SearchAction","target":{"@type":"EntryPoint","urlTemplate":"https:\/\/www.tiigikalad.ee\/en\/?s={search_term_string}"},"query-input":{"@type":"PropertyValueSpecification","valueRequired":true,"valueName":"search_term_string"}}],"inLanguage":"en-US"},{"@type":"Organization","@id":"https:\/\/www.tiigikalad.ee\/en\/#organization","name":"Tiigikalad.ee","url":"https:\/\/www.tiigikalad.ee\/en\/","logo":{"@type":"ImageObject","inLanguage":"en-US","@id":"https:\/\/www.tiigikalad.ee\/en\/#\/schema\/logo\/image\/","url":"http:\/\/www.tiigikalad.ee\/wp-content\/uploads\/2024\/04\/cropped-logo.png","contentUrl":"http:\/\/www.tiigikalad.ee\/wp-content\/uploads\/2024\/04\/cropped-logo.png","width":512,"height":512,"caption":"Tiigikalad.ee"},"image":{"@id":"https:\/\/www.tiigikalad.ee\/en\/#\/schema\/logo\/image\/"},"sameAs":["https:\/\/www.facebook.com\/tiigikalad"]}]}},"tiered_pricing_type":"fixed","tiered_pricing_fixed_rules":[],"tiered_pricing_product_settings":{"layout":"default","base_unit_name":{"singular":null,"plural":null},"default_variation":null},"tiered_pricing_minimum_quantity":null,"tiered_pricing_roles_data":[],"tiered_pricing_percentage_rules":[],"_links":{"self":[{"href":"https:\/\/www.tiigikalad.ee\/en\/wp-json\/wp\/v2\/product\/35958","targetHints":{"allow":["GET"]}}],"collection":[{"href":"https:\/\/www.tiigikalad.ee\/en\/wp-json\/wp\/v2\/product"}],"about":[{"href":"https:\/\/www.tiigikalad.ee\/en\/wp-json\/wp\/v2\/types\/product"}],"version-history":[{"count":0,"href":"https:\/\/www.tiigikalad.ee\/en\/wp-json\/wp\/v2\/product\/35958\/revisions"}],"wp:featuredmedia":[{"embeddable":true,"href":"https:\/\/www.tiigikalad.ee\/en\/wp-json\/wp\/v2\/media\/32057"}],"wp:attachment":[{"href":"https:\/\/www.tiigikalad.ee\/en\/wp-json\/wp\/v2\/media?parent=35958"}],"wp:term":[{"taxonomy":"product_brand","embeddable":true,"href":"https:\/\/www.tiigikalad.ee\/en\/wp-json\/wp\/v2\/product_brand?post=35958"},{"taxonomy":"product_cat","embeddable":true,"href":"https:\/\/www.tiigikalad.ee\/en\/wp-json\/wp\/v2\/product_cat?post=35958"},{"taxonomy":"product_tag","embeddable":true,"href":"https:\/\/www.tiigikalad.ee\/en\/wp-json\/wp\/v2\/product_tag?post=35958"}],"curies":[{"name":"wp","href":"https:\/\/api.w.org\/{rel}","templated":true}]}}